{"id":895,"date":"2016-09-28T22:29:12","date_gmt":"2016-09-28T20:29:12","guid":{"rendered":"https:\/\/www.iboxxit.com\/de\/?page_id=895"},"modified":"2024-04-18T17:12:16","modified_gmt":"2024-04-18T15:12:16","slug":"b2b","status":"publish","type":"page","link":"https:\/\/www.iboxxit.com\/de\/b2b\/","title":{"rendered":"iboxxit f\u00fcr Ihr Unternehmen"},"content":{"rendered":"<section class=\"section-fullscreen-banner image-appinhand white\">\n<div class=\"inner\">\n<h1>iboxxit f\u00fcr Ihr Unternehmen<\/h1>\n<\/p><\/div>\n<\/section>\n<section class=\"section-text\">\n<div class=\"inner\">\n<div class=\"spacer\"><\/div>\n<p>Wenn Sie mit Ihrem Unternehmen Menschen dabei helfen, Platz f\u00fcr ein besseres Leben zu schaffen, sind Sie bei iboxxit genau richtig. Im Rahmen von Mehrwertpartnerschaften k\u00f6nnen Sie f\u00fcr Ihre Kunden Volumenlizenzen zu verg\u00fcnstigten Konditionen erwerben und so einerseits einen Mehrwert f\u00fcr Ihre Kunden schaffen, sowie andererseits Ihre Kundenwerbung und Kundenbindung optimieren. Andere Unternehmen setzen iboxxit erfolgreich selbst als Inventurl\u00f6sung ein.<\/p>\n<h2>Typische Mehrwertpartner<\/h2>\n<p>wie z.B. Umzugsunternehmen, Lagerhalter, Self-Storage-Anbieter, M\u00f6belspeditionen, Akten- und Dokumentarchive, Vermittler von Lagerr\u00e4umen<\/p>\n<h2>Vorteile f\u00fcr Ihre Kunden<\/h2>\n<ul>\n<li>Die Hemmschwelle einzulagern sinkt \u2013 mit iboxxit erfasstes Lagergut ist nicht l\u00e4nger &#8222;aus den Augen, aus dem Sinn&#8220;, sondern jederzeit auffindbar und verf\u00fcgbar<\/li>\n<li>Ihre Kunden m\u00fcssen seltener kommen, weil sie jederzeit genau wissen, was eingelagert ist \u2013 die aufwendige Suche vor Ort entf\u00e4llt)<\/li>\n<li>Mit der mobilen App k\u00f6nnen Gegenst\u00e4nde rasend schnell visuell erfasst werden &#8211; gleichzeitig k\u00f6nnen Sie Ihren Kunden damit zus\u00e4tzliche Premium-Services anbieten (z.B. Erfassungsservice, Einlagerungsberichte, Packlisten, Lieferservice einzelner Boxxes statt Abholung)<\/li>\n<li>Positionieren Sie sich mit einer neuartigen L\u00f6sung als Innovationsf\u00fchrer, auch im Wettbewerb mit Start-Ups und neuen Online-Gesch\u00e4ftsmodellen<\/li>\n<\/ul>\n<h2>Typische Eigennutzer<\/h2>\n<p>wie z.B. Sportvereine, Verb\u00e4nde, Kirchengemeinden sowie Unternehmen jeder Gr\u00f6\u00dfe, die eine einfache Inventurl\u00f6sung ben\u00f6tigen, Erbverwalter und Testamentsvollstrecker, Museen und Galerien<\/p>\n<h2>Vorteile f\u00fcr Unternehmen, Vereine und gemeinn\u00fctzige Organisationen<\/h2>\n<ul>\n<li>iboxxit ist sehr einfach und g\u00fcnstig und bietet die Kernfunktionalit\u00e4t f\u00fcr eine visuelle Inventur ohne gro\u00dfen Aufwand f\u00fcr Datenerfassung<\/li>\n<li>Alles ist sauber wegger\u00e4umt und trotzdem kann das ganze Team von teuer angeschafften Sachen profitieren<\/li>\n<li>Dreifache Kostenersparnis: schnelle Inventarisierung, keine teure Arbeitszeit f\u00fcr uneffektive Suche und keine unn\u00f6tigen Doppelanschaffungen<\/li>\n<li>Dezentral eingesetzte Sachen k\u00f6nnen zentral gelagert werden; teure Gegenst\u00e4nde (z.B. Spezialwerkzeuge, Sportger\u00e4te, Messe- und Verkaufsst\u00e4nde, PR-Material, Kunstgegenst\u00e4nde) m\u00fcssen von gr\u00f6\u00dferen Organisationen mit mehreren Zweigstellen nur einmal angeschafft werden<\/li>\n<\/ul>\n<p>F\u00fcr mehr Informationen, eine Produktvorstellung oder ein pers\u00f6nliches Angebot, kontaktieren Sie bitte:<\/p>\n<p>\t\t\t<a href=\"mailto:info@iboxxit.com\">info@iboxxit.com<\/a>\n\t\t<\/p>\n<h2>Downloads<\/h2>\n<p>\n\t\t\t<a href=\"https:\/\/www.iboxxit.com\/wordpress\/wp-content\/uploads\/2017\/09\/iboxxit-Anleitung-f\u00fcr-Businesskunden-V5-WEB.pdf\">Gutscheine &#8211; Anleitung f\u00fcr Businesskunden<\/a>\n\t\t<\/p>\n<\/p><\/div>\n<\/section>\n<p><script type=\"text\/javascript\">\/\/ <![CDATA[\njQuery( window ).resize(function() {\n\t\tvar wh = jQuery( window ).height();\n\t\tif(wh < 400)\n\t\t\tvar ih = 342;\n\t\telse if(wh < 1300) var ih = parseInt( wh - 58 ); else var ih = 1242; jQuery( \".section-fullscreen-banner .inner\" ).css(\"height\", ih + 'px'); }); jQuery( window ).resize();\n\/\/ ]]><\/script><\/p>\n","protected":false},"excerpt":{"rendered":"<p>iboxxit f\u00fcr Ihr Unternehmen Wenn Sie mit Ihrem Unternehmen Menschen dabei helfen, Platz f\u00fcr ein besseres Leben zu schaffen, sind Sie bei iboxxit genau richtig. Im Rahmen von Mehrwertpartnerschaften k\u00f6nnen Sie f\u00fcr Ihre Kunden Volumenlizenzen zu verg\u00fcnstigten Konditionen erwerben und so einerseits einen Mehrwert f\u00fcr Ihre Kunden schaffen, sowie andererseits Ihre Kundenwerbung und Kundenbindung optimieren. [&hellip;]<\/p>\n","protected":false},"author":6,"featured_media":0,"parent":0,"menu_order":0,"comment_status":"closed","ping_status":"closed","template":"template-raw.php","meta":{"_seopress_robots_primary_cat":"","_seopress_titles_title":"","_seopress_titles_desc":"","_seopress_robots_index":"","footnotes":""},"class_list":["post-895","page","type-page","status-publish","hentry"],"_links":{"self":[{"href":"https:\/\/www.iboxxit.com\/de\/wp-json\/wp\/v2\/pages\/895","targetHints":{"allow":["GET"]}}],"collection":[{"href":"https:\/\/www.iboxxit.com\/de\/wp-json\/wp\/v2\/pages"}],"about":[{"href":"https:\/\/www.iboxxit.com\/de\/wp-json\/wp\/v2\/types\/page"}],"author":[{"embeddable":true,"href":"https:\/\/www.iboxxit.com\/de\/wp-json\/wp\/v2\/users\/6"}],"replies":[{"embeddable":true,"href":"https:\/\/www.iboxxit.com\/de\/wp-json\/wp\/v2\/comments?post=895"}],"version-history":[{"count":9,"href":"https:\/\/www.iboxxit.com\/de\/wp-json\/wp\/v2\/pages\/895\/revisions"}],"predecessor-version":[{"id":1278,"href":"https:\/\/www.iboxxit.com\/de\/wp-json\/wp\/v2\/pages\/895\/revisions\/1278"}],"wp:attachment":[{"href":"https:\/\/www.iboxxit.com\/de\/wp-json\/wp\/v2\/media?parent=895"}],"curies":[{"name":"wp","href":"https:\/\/api.w.org\/{rel}","templated":true}]}}