{"id":46,"date":"2015-05-08T11:29:43","date_gmt":"2015-05-08T09:29:43","guid":{"rendered":"https:\/\/www.iboxxit.com\/?page_id=46"},"modified":"2023-01-05T14:32:22","modified_gmt":"2023-01-05T13:32:22","slug":"get","status":"publish","type":"page","link":"https:\/\/www.iboxxit.com\/de\/get\/","title":{"rendered":"App laden"},"content":{"rendered":"<section class=\"section-fullscreen-banner image-appinhand white\">\n<div class=\"inner\">\n<h1>App hier laden und<br \/>\ngleich loslegen<\/h1>\n<p><a href=\"https:\/\/itunes.apple.com\/app\/iboxxit\/id1073140464\" class=\"application-store-icon\"><img decoding=\"async\" alt=\"Download on the AppStore\" src=\"https:\/\/www.iboxxit.com\/wordpress\/wp-content\/uploads\/2016\/08\/Laden-im-App-Store.png\"><\/a><br \/>\n<br \/>\n<a href=\"https:\/\/play.google.com\/store\/apps\/details?id=com.iboxxit.app\" class=\"application-store-icon\"><img decoding=\"async\" alt=\"Jetzt bei Google Play\" src=\"https:\/\/play.google.com\/intl\/en_us\/badges\/images\/generic\/de-play-badge.png\"><\/a><\/p>\n<div class=\"spacer\"><\/div>\n<div class=\"mainbuttons\">\n\t\t\t<a href=\"https:\/\/www.iboxxit.com\/static\/iboxxit-manual-de.pdf\">Bedienungsanleitung<\/a><\/div>\n<\/div>\n<\/section>\n<section class=\"section-download\">\n<div class=\"inner\">\n<div class=\"spacer\"><\/div>\n<h2>iboxxit kostenlos auf Ihr Ger\u00e4t laden<\/h2>\n<p>Die iboxxit App erm\u00f6glicht es Ihnen, all Ihre Sachen mit dem Smartphone, Tablet oder PC zu verwalten &#8211; egal wo Sie die Sachen tats\u00e4chlich aufbewahren.<\/p>\n<p>Dadurch behalten Sie den \u00dcberblick und wissen immer, wo Ihre Schlittschuhe, Tauchutensilien oder Produktverpackungen sind, selbst wenn sich diese in der letzten Ecke im Keller oder einem Self-Storage-Raum am anderen Ende der Stadt befinden.<\/p>\n<\/div>\n<\/section>\n<p><script type=\"text\/javascript\">\n\tjQuery( window ).resize(function() {\n\t\tvar wh = jQuery( window ).height();\n\t\tif(wh < 400)\n\t\t\tvar ih = 342;\n\t\telse if(wh < 1300)\n\t\t\tvar ih = parseInt( wh - 58 );\n\t\telse\n\t\t\tvar ih = 1242;\n\t\tjQuery( \".section-fullscreen-banner .inner\" ).css(\"height\", ih + 'px');\n\t});\n\tjQuery( window ).resize();\n<\/script><\/p>\n","protected":false},"excerpt":{"rendered":"<p>App hier laden und gleich loslegen Bedienungsanleitung iboxxit kostenlos auf Ihr Ger\u00e4t laden Die iboxxit App erm\u00f6glicht es Ihnen, all Ihre Sachen mit dem Smartphone, Tablet oder PC zu verwalten &#8211; egal wo Sie die Sachen tats\u00e4chlich aufbewahren. Dadurch behalten Sie den \u00dcberblick und wissen immer, wo Ihre Schlittschuhe, Tauchutensilien oder Produktverpackungen sind, selbst wenn [&hellip;]<\/p>\n","protected":false},"author":6,"featured_media":82,"parent":0,"menu_order":0,"comment_status":"closed","ping_status":"closed","template":"template-raw.php","meta":{"_seopress_robots_primary_cat":"","_seopress_titles_title":"","_seopress_titles_desc":"","_seopress_robots_index":"","footnotes":""},"class_list":["post-46","page","type-page","status-publish","hentry"],"_links":{"self":[{"href":"https:\/\/www.iboxxit.com\/de\/wp-json\/wp\/v2\/pages\/46","targetHints":{"allow":["GET"]}}],"collection":[{"href":"https:\/\/www.iboxxit.com\/de\/wp-json\/wp\/v2\/pages"}],"about":[{"href":"https:\/\/www.iboxxit.com\/de\/wp-json\/wp\/v2\/types\/page"}],"author":[{"embeddable":true,"href":"https:\/\/www.iboxxit.com\/de\/wp-json\/wp\/v2\/users\/6"}],"replies":[{"embeddable":true,"href":"https:\/\/www.iboxxit.com\/de\/wp-json\/wp\/v2\/comments?post=46"}],"version-history":[{"count":69,"href":"https:\/\/www.iboxxit.com\/de\/wp-json\/wp\/v2\/pages\/46\/revisions"}],"predecessor-version":[{"id":1223,"href":"https:\/\/www.iboxxit.com\/de\/wp-json\/wp\/v2\/pages\/46\/revisions\/1223"}],"wp:featuredmedia":[{"embeddable":true,"href":"https:\/\/www.iboxxit.com\/de\/wp-json\/wp\/v2\/media\/82"}],"wp:attachment":[{"href":"https:\/\/www.iboxxit.com\/de\/wp-json\/wp\/v2\/media?parent=46"}],"curies":[{"name":"wp","href":"https:\/\/api.w.org\/{rel}","templated":true}]}}