{"id":301,"date":"2015-12-15T16:39:10","date_gmt":"2015-12-15T15:39:10","guid":{"rendered":"https:\/\/www.iboxxit.com\/?page_id=301"},"modified":"2023-01-04T17:04:14","modified_gmt":"2023-01-04T16:04:14","slug":"legal-info","status":"publish","type":"page","link":"https:\/\/www.iboxxit.com\/de\/legal-info\/","title":{"rendered":"Impressum"},"content":{"rendered":"<h2>Impressum<\/h2>\n<h3>Angaben gem\u00e4\u00df \u00a7 5 TMG:<\/h3>\n<p>iboxxit GmbH<br \/>\nKrefelder Stra\u00dfe 225<br \/>\n52070 Aachen<\/p>\n<h3>Vertreten durch:<\/h3>\n<p>Gesch\u00e4ftsf\u00fchrer: Dennis Dawari &#038; Jochen Honds<\/p>\n<p><h3>Kontakt:<\/h3>\n<p>Telefon: 024141251100<br \/>\nE-Mail: <a href=\"mailto:service@iboxxit.com\">service@iboxxit.com<\/a><\/p>\n<h3>Registereintrag:<\/h3>\n<p>Eintragung im Handelsregister<br \/>\nRegistergericht: Amtsgerichts Aachen<br \/>\nRegisternummer: HRB 26348<\/p>\n<h3>Umsatzsteuer:<\/h3>\n<p>Umsatzsteuer-Identifikationsnummer gem\u00e4\u00df \u00a727 a Umsatzsteuergesetz:<br \/>\nDE 297778495<\/p>\n<h3>Verantwortlich f\u00fcr den Inhalt nach \u00a7 55 Abs. 2 RStV:<\/h3>\n<p>Dennis Dawari<br \/>\nKrefelder Stra\u00dfe 225<br \/>\n52070 Aachen<\/p>\n<h3>Streitschlichtung<\/h3>\n<p>Die Europ\u00e4ische Kommission stellt eine Plattform zur Online-Streitbeilegung (OS) bereit: https:\/\/ec.europa.eu\/consumers\/odr.<br \/>\nUnsere E-Mail-Adresse finden Sie oben im Impressum.<br \/>\nWir sind nicht bereit oder verpflichtet, an Streitbeilegungsverfahren vor einer Verbraucherschlichtungsstelle teilzunehmen.<\/p>\n<h3>Haftung f\u00fcr Inhalte<\/h3>\n<p>Als Diensteanbieter sind wir gem\u00e4\u00df \u00a7 7 Abs.1 TMG f\u00fcr eigene Inhalte auf diesen Seiten nach den allgemeinen Gesetzen verantwortlich. Nach \u00a7\u00a7 8 bis 10 TMG sind wir als Diensteanbieter jedoch nicht verpflichtet, \u00fcbermittelte oder gespeicherte fremde Informationen zu \u00fcberwachen oder nach Umst\u00e4nden zu forschen, die auf eine rechtswidrige T\u00e4tigkeit hinweisen.<br \/>\nVerpflichtungen zur Entfernung oder Sperrung der Nutzung von Informationen nach den allgemeinen Gesetzen bleiben hiervon unber\u00fchrt. Eine diesbez\u00fcgliche Haftung ist jedoch erst ab dem Zeitpunkt der Kenntnis einer konkreten Rechtsverletzung m\u00f6glich. Bei Bekanntwerden von entsprechenden Rechtsverletzungen werden wir diese Inhalte umgehend entfernen.<\/p>\n<h3>Haftung f\u00fcr Links<\/h3>\n<p>Unser Angebot enth\u00e4lt Links zu externen Websites Dritter, auf deren Inhalte wir keinen Einfluss haben. Deshalb k\u00f6nnen wir f\u00fcr diese fremden Inhalte auch keine Gew\u00e4hr \u00fcbernehmen. F\u00fcr die Inhalte der verlinkten Seiten ist stets der jeweilige Anbieter oder Betreiber der Seiten verantwortlich. Die verlinkten Seiten wurden zum Zeitpunkt der Verlinkung auf m\u00f6gliche Rechtsverst\u00f6\u00dfe \u00fcberpr\u00fcft. Rechtswidrige Inhalte waren zum Zeitpunkt der Verlinkung nicht erkennbar.<br \/>\nEine permanente inhaltliche Kontrolle der verlinkten Seiten ist jedoch ohne konkrete Anhaltspunkte einer Rechtsverletzung nicht zumutbar. Bei Bekanntwerden von Rechtsverletzungen werden wir derartige Links umgehend entfernen.<\/p>\n<h3>Urheberrecht<\/h3>\n<p>Die durch die Seitenbetreiber erstellten Inhalte und Werke auf diesen Seiten unterliegen dem deutschen Urheberrecht. Die Vervielf\u00e4ltigung, Bearbeitung, Verbreitung und jede Art der Verwertung au\u00dferhalb der Grenzen des Urheberrechtes bed\u00fcrfen der schriftlichen Zustimmung des jeweiligen Autors bzw. Erstellers. Downloads und Kopien dieser Seite sind nur f\u00fcr den privaten, nicht kommerziellen Gebrauch gestattet.<br \/>\nSoweit die Inhalte auf dieser Seite nicht vom Betreiber erstellt wurden, werden die Urheberrechte Dritter beachtet. Insbesondere werden Inhalte Dritter als solche gekennzeichnet. Sollten Sie trotzdem auf eine Urheberrechtsverletzung aufmerksam werden, bitten wir um einen entsprechenden Hinweis. Bei Bekanntwerden von Rechtsverletzungen werden wir derartige Inhalte umgehend entfernen.<br \/>\niboxxit ist eine Marke der iboxxit GmbH i.L. Sofern sonstige, zugunsten anderer Markenrechtsinhaber gesch\u00fctzte Marken (z.B. Android, Apache oder Apache Commons) in Bezug genommen werden, erfolgt dies lediglich zu Zwecken der Beschreibung der betreffenden Waren und\/oder Dienstleistungen.<br \/>\nApple, iPhone, iPad und App Store sind Marken der Apple Inc., eingetragen in den Vereinigten Staaten von Amerika und anderen L\u00e4ndern.<\/p>\n","protected":false},"excerpt":{"rendered":"<p>Impressum Angaben gem\u00e4\u00df \u00a7 5 TMG: iboxxit GmbH Krefelder Stra\u00dfe 225 52070 Aachen Vertreten durch: Gesch\u00e4ftsf\u00fchrer: Dennis Dawari &#038; Jochen Honds Kontakt: Telefon: 024141251100 E-Mail: service@iboxxit.com Registereintrag: Eintragung im Handelsregister Registergericht: Amtsgerichts Aachen Registernummer: HRB 26348 Umsatzsteuer: Umsatzsteuer-Identifikationsnummer gem\u00e4\u00df \u00a727 a Umsatzsteuergesetz: DE 297778495 Verantwortlich f\u00fcr den Inhalt nach \u00a7 55 Abs. 2 RStV: Dennis [&hellip;]<\/p>\n","protected":false},"author":6,"featured_media":0,"parent":0,"menu_order":0,"comment_status":"closed","ping_status":"closed","template":"","meta":{"_seopress_robots_primary_cat":"","_seopress_titles_title":"","_seopress_titles_desc":"","_seopress_robots_index":"","footnotes":""},"class_list":["post-301","page","type-page","status-publish","hentry"],"_links":{"self":[{"href":"https:\/\/www.iboxxit.com\/de\/wp-json\/wp\/v2\/pages\/301","targetHints":{"allow":["GET"]}}],"collection":[{"href":"https:\/\/www.iboxxit.com\/de\/wp-json\/wp\/v2\/pages"}],"about":[{"href":"https:\/\/www.iboxxit.com\/de\/wp-json\/wp\/v2\/types\/page"}],"author":[{"embeddable":true,"href":"https:\/\/www.iboxxit.com\/de\/wp-json\/wp\/v2\/users\/6"}],"replies":[{"embeddable":true,"href":"https:\/\/www.iboxxit.com\/de\/wp-json\/wp\/v2\/comments?post=301"}],"version-history":[{"count":26,"href":"https:\/\/www.iboxxit.com\/de\/wp-json\/wp\/v2\/pages\/301\/revisions"}],"predecessor-version":[{"id":1194,"href":"https:\/\/www.iboxxit.com\/de\/wp-json\/wp\/v2\/pages\/301\/revisions\/1194"}],"wp:attachment":[{"href":"https:\/\/www.iboxxit.com\/de\/wp-json\/wp\/v2\/media?parent=301"}],"curies":[{"name":"wp","href":"https:\/\/api.w.org\/{rel}","templated":true}]}}