{"id":295,"date":"2015-12-15T16:36:56","date_gmt":"2015-12-15T15:36:56","guid":{"rendered":"https:\/\/www.iboxxit.com\/?page_id=295"},"modified":"2025-05-26T14:59:57","modified_gmt":"2025-05-26T12:59:57","slug":"pricing","status":"publish","type":"page","link":"https:\/\/www.iboxxit.com\/de\/pricing\/","title":{"rendered":"Preise"},"content":{"rendered":"<section class=\"section-banner image-appinhand white\">\n<div class=\"inner\">\n<h1>Wollen Sie endlich aufr\u00e4umen?<br \/>Produktversionen und Preise<\/h1>\n<\/p><\/div>\n<\/section>\n<section class=\"section-download\">\n<div class=\"inner\">\n<div class=\"spacer\"><\/div>\n<h2>W\u00e4hlen Sie die iboxxit-Version, die am besten zu Ihnen passt<\/h2>\n<div class=\"plans clear\">\n<div class=\"plan version1\">\n<div>\n<h2>iboxxit Free<\/h2>\n<p>bis zu 1.000 Item-Eintr\u00e4ge<br \/>in bis zu 4 Boxxes<br \/>Kostenlos<\/p>\n<\/div>\n<form action=\"https:\/\/www.iboxxit.com\/de\/getstarted?register\" method=\"post\">\n\t\t\t\t\t<input type=\"submit\" name=\"addtocart\" value=\"Loslegen\"><br \/>\n\t\t\t\t<\/form>\n<\/p><\/div>\n<div class=\"plan plan-highlight version2\">\n<h3><span>Empfohlen<\/span><\/h3>\n<div>\n<h2>iboxxit Lite<\/h2>\n<p>bis zu 2000 Item-Eintr\u00e4ge<br \/>in bis zu 10 Boxxes<br \/><style=\"color: #C7C7C7\">\u20ac 6,99 \/ Jahr<\/style>\n<\/p>\n<\/div>\n<form action=\"https:\/\/www.iboxxit.com\/de\/getstarted?register\" method=\"post\">\n\t\t\t\t\t<input type=\"submit\" name=\"addtocart\" value=\"Loslegen\"><br \/>\n\t\t\t\t<\/form>\n<\/p><\/div>\n<div class=\"plan version3\">\n<div>\n<h2>iboxxit Premium<\/h2>\n<p>bis zu 10.000 Item-Eintr\u00e4ge<br \/>in bis zu 1.000 Boxxes<br \/><style=\"color: #C7C7C7\">\u20ac 19,99 \/ Jahr<\/style>\n<\/p>\n<\/div>\n<form action=\"https:\/\/www.iboxxit.com\/de\/getstarted?register\" method=\"post\">\n\t\t\t\t\t<input type=\"submit\" name=\"addtocart\" value=\"Loslegen\"><br \/>\n\t\t\t\t<\/form>\n<\/p><\/div>\n<\/p><\/div>\n<div class=\"spacer\"><\/div>\n<p>Es gelten die <a href=\"https:\/\/www.iboxxit.com\/de\/terms\/\">Vertragsbestimmungen<\/a>. Danach haben die Premium- und Business-Versionen eine Laufzeit von einem Jahr und sind im Voraus zu bezahlen. Sie verl\u00e4ngern sich automatisch, wenn sie nicht gek\u00fcndigt werden. Die oben genannten Grenzen gelten nur f\u00fcr eigene Boxxes und Item-Eintr\u00e4ge. Boxxes und Item-Eintr\u00e4ge von Freunden k\u00f6nnen Sie sich ohne diese Beschr\u00e4nkungen ansehen und durchsuchen. Durch die Kombination einer Premium- oder Business-Version mit mehreren Free-Versionen k\u00f6nnen Sie also in Teams und Familien richtig Geld sparen und iboxxit sehr produktiv nutzen.<\/p>\n<\/p><\/div>\n<\/section>\n","protected":false},"excerpt":{"rendered":"<p>Wollen Sie endlich aufr\u00e4umen?Produktversionen und Preise W\u00e4hlen Sie die iboxxit-Version, die am besten zu Ihnen passt iboxxit Free bis zu 1.000 Item-Eintr\u00e4gein bis zu 4 BoxxesKostenlos Empfohlen iboxxit Lite bis zu 2000 Item-Eintr\u00e4gein bis zu 10 Boxxes iboxxit Premium bis zu 10.000 Item-Eintr\u00e4gein bis zu 1.000 Boxxes Es gelten die Vertragsbestimmungen. Danach haben die Premium- [&hellip;]<\/p>\n","protected":false},"author":6,"featured_media":0,"parent":0,"menu_order":0,"comment_status":"closed","ping_status":"closed","template":"template-raw.php","meta":{"_seopress_robots_primary_cat":"","_seopress_titles_title":"","_seopress_titles_desc":"","_seopress_robots_index":"","footnotes":""},"class_list":["post-295","page","type-page","status-publish","hentry"],"_links":{"self":[{"href":"https:\/\/www.iboxxit.com\/de\/wp-json\/wp\/v2\/pages\/295","targetHints":{"allow":["GET"]}}],"collection":[{"href":"https:\/\/www.iboxxit.com\/de\/wp-json\/wp\/v2\/pages"}],"about":[{"href":"https:\/\/www.iboxxit.com\/de\/wp-json\/wp\/v2\/types\/page"}],"author":[{"embeddable":true,"href":"https:\/\/www.iboxxit.com\/de\/wp-json\/wp\/v2\/users\/6"}],"replies":[{"embeddable":true,"href":"https:\/\/www.iboxxit.com\/de\/wp-json\/wp\/v2\/comments?post=295"}],"version-history":[{"count":50,"href":"https:\/\/www.iboxxit.com\/de\/wp-json\/wp\/v2\/pages\/295\/revisions"}],"predecessor-version":[{"id":1288,"href":"https:\/\/www.iboxxit.com\/de\/wp-json\/wp\/v2\/pages\/295\/revisions\/1288"}],"wp:attachment":[{"href":"https:\/\/www.iboxxit.com\/de\/wp-json\/wp\/v2\/media?parent=295"}],"curies":[{"name":"wp","href":"https:\/\/api.w.org\/{rel}","templated":true}]}}