{"id":19,"date":"2015-03-26T13:47:35","date_gmt":"2015-03-26T12:47:35","guid":{"rendered":"https:\/\/www.iboxxit.com\/?page_id=19"},"modified":"2022-12-16T16:05:30","modified_gmt":"2022-12-16T15:05:30","slug":"welcome","status":"publish","type":"page","link":"https:\/\/www.iboxxit.com\/de\/","title":{"rendered":"Home"},"content":{"rendered":"<section class=\"section-fullscreen-banner image-bench white\">\n<div class=\"inner\">\n<h1>Platz schaffen f\u00fcr ein <br \/>besseres Leben<\/h1>\n<div class=\"mainbuttons\">\n\t\t\t<a href=\"https:\/\/www.iboxxit.com\/de\/getstarted\/\">Kostenlos testen<\/a><!-- <a href=\"https:\/\/www.iboxxit.com\/de\/wichtige-neuigkeiten\/\" style=\"background-color: #004564;\">Wichtige Neuigkeiten<\/a> --><\/p><\/div>\n<div class=\"spacer\"><\/div>\n<p><a href=\"#video\" class=\"videolink\" id=\"playvideo\">Video ansehen<\/a><\/p>\n<\/p><\/div>\n<\/section>\n<section class=\"section-features\">\n<div class=\"inner\">\n<h2>Aufr\u00e4umen mit iboxxit \u2013 clever und connected<\/h2>\n<p>Haben Sie auch im Keller, in der Garage, in der Abstellkammer oder auf dem Dachboden wertvolle Sachen gelagert, die Sie nur selten ben\u00f6tigen und von denen Sie oft nicht genau wissen, wo diese gerade sind?<\/p>\n<p\/>\n<p>Unser App- und Cloud-basiertes Ordnungssystem erm\u00f6glicht es Ihnen, jederzeit den \u00dcberblick \u00fcber all Ihre an verschiedenen Orten aufbewahrten Sachen zu behalten und einfach und schnell auf alles zugreifen zu k\u00f6nnen.<\/p>\n<p\/>\n<p>Sie k\u00f6nnen au\u00dferdem Ihre Sachen mit Freunden und Familienmitgliedern teilen, so dass auch diese sehen k\u00f6nnen, was Sie so alles haben. So muss nicht jeder das gleiche teure Werkzeug oder ultraleichte Trekkingzelt kaufen, sondern kann sich die Sachen bei Bedarf ausleihen.<\/p>\n<p\/>\n<p>Dazu gen\u00fcgen nur wenige Klicks \u2013 wir nennen das &#8222;connected storage&#8220;.<\/p>\n<div class=\"spacer\"><\/div>\n<div class=\"feature-container\">\n<div class=\"feature icon-cloudphone\">Kostenlose App zur <\/br>visuellen Verwaltung <\/br>Ihrer Sachen<\/div>\n<div class=\"feature icon-boxx\">Verwenden Sie beliebige Kisten <\/br>und Beh\u00e4ltnisse an <\/br>beliebigen Lagerorten<\/div>\n<div class=\"feature icon-label\">Drucken Sie Aufkleber <\/br>mit QR-Code und Text <\/br>in Ihrer Lieblingsfarbe<\/div>\n<\/div><\/div>\n<div class=\"spacer\"><\/div>\n<\/p><\/div>\n<\/section>\n<section class=\"section-slide image-chaos white\">\n<div class=\"inner\">\n<h2>Diese Art, Dinge aufzubewahren, <br \/>kennen Sie sicherlich.<\/h2>\n<\/p><\/div>\n<\/section>\n<section class=\"section-slide image-perfectorder\">\n<div class=\"inner\">\n<h2>W\u00e4re es nicht prima, <br \/>alles aufzur\u00e4umen und <br \/>einfach wiederzufinden?<\/h2>\n<\/p><\/div>\n<\/section>\n<section class=\"section-slide image-packboxxes white\">\n<div class=\"inner\">\n<h2>Gleich anfangen: Sachen fotografieren und<br \/>in formsch\u00f6ne Kisten packen<\/h2>\n<\/p><\/div>\n<\/section>\n<section class=\"section-slide image-labels right\">\n<div class=\"inner\">\n<h2>Aufkleber identifizieren die Kisten <br \/>und iboxxit weiss, was drin ist<\/h2>\n<\/p><\/div>\n<\/section>\n<section class=\"section-slide image-sharewithfriends white\">\n<div class=\"inner\">\n<h2>In der App haben Sie alles dabei <br \/>und k\u00f6nnen es mit Freunden teilen<\/h2>\n<\/p><\/div>\n<\/section>\n<section class=\"section-getstarted\">\n<div class=\"inner\">\n<div class=\"spacer\"><\/div>\n<div class=\"mainbuttons\">\n\t\t\t<a href=\"https:\/\/www.iboxxit.com\/de\/getstarted\/\">Kostenlos testen<\/a>\n\t\t<\/div>\n<\/p><\/div>\n<\/section>\n<p><script type=\"text\/template\" id=\"videopopup-template\"><\/p>\n<div class=\"videopopup\">\n<div class=\"videobackground\"><\/div>\n<div class=\"videocontainer\">\n<div class=\"videoinnercontainer\">\n\t\t\t\t<iframe src=\"https:\/\/player.vimeo.com\/video\/148067897?autoplay=1&#038;color=02b1f4&#038;title=0&#038;byline=0&#038;portrait=0&#038;api=1\" frameborder=\"0\" webkitallowfullscreen mozallowfullscreen allowfullscreen id=\"vimeovideo\"><\/iframe>\n\t\t\t<\/div>\n<div class=\"mainbuttons\">\n<div class=\"inner-content\">\n\t\t\t\t\t<a href=\"#video\" class=\"watch-again\">Nochmal ansehen<\/a>\n\t\t\t\t\t<a href=\"#\" class=\"close-mainbutton\">Schlie\u00dfen<\/a>\n\t\t\t\t<\/div>\n<div class=\"background\"><\/div>\n<\/p><\/div>\n<p>\t\t\t<span class=\"close\" title=\"Schlie\u00dfen\"><\/span>\n\t\t<\/div>\n<\/p><\/div>\n<p><\/script><br \/>\n<script type=\"text\/javascript\" src=\"\/wordpress\/wp-content\/themes\/iboxxit_1\/js\/bigscreen.min.js\"><\/script><br \/>\n<script type=\"text\/javascript\" src=\"\/wordpress\/wp-content\/themes\/iboxxit_1\/js\/home.js\"><\/script><\/p>\n","protected":false},"excerpt":{"rendered":"<p>Platz schaffen f\u00fcr ein besseres Leben Kostenlos testen Video ansehen Aufr\u00e4umen mit iboxxit \u2013 clever und connected Haben Sie auch im Keller, in der Garage, in der Abstellkammer oder auf dem Dachboden wertvolle Sachen gelagert, die Sie nur selten ben\u00f6tigen und von denen Sie oft nicht genau wissen, wo diese gerade sind? Unser App- und [&hellip;]<\/p>\n","protected":false},"author":6,"featured_media":0,"parent":0,"menu_order":0,"comment_status":"closed","ping_status":"closed","template":"template-raw.php","meta":{"_seopress_robots_primary_cat":"","_seopress_titles_title":"","_seopress_titles_desc":"","_seopress_robots_index":"","footnotes":""},"class_list":["post-19","page","type-page","status-publish","hentry"],"_links":{"self":[{"href":"https:\/\/www.iboxxit.com\/de\/wp-json\/wp\/v2\/pages\/19","targetHints":{"allow":["GET"]}}],"collection":[{"href":"https:\/\/www.iboxxit.com\/de\/wp-json\/wp\/v2\/pages"}],"about":[{"href":"https:\/\/www.iboxxit.com\/de\/wp-json\/wp\/v2\/types\/page"}],"author":[{"embeddable":true,"href":"https:\/\/www.iboxxit.com\/de\/wp-json\/wp\/v2\/users\/6"}],"replies":[{"embeddable":true,"href":"https:\/\/www.iboxxit.com\/de\/wp-json\/wp\/v2\/comments?post=19"}],"version-history":[{"count":172,"href":"https:\/\/www.iboxxit.com\/de\/wp-json\/wp\/v2\/pages\/19\/revisions"}],"predecessor-version":[{"id":1178,"href":"https:\/\/www.iboxxit.com\/de\/wp-json\/wp\/v2\/pages\/19\/revisions\/1178"}],"wp:attachment":[{"href":"https:\/\/www.iboxxit.com\/de\/wp-json\/wp\/v2\/media?parent=19"}],"curies":[{"name":"wp","href":"https:\/\/api.w.org\/{rel}","templated":true}]}}